{"id":593,"date":"2020-01-13T11:08:58","date_gmt":"2020-01-13T11:08:58","guid":{"rendered":"https:\/\/demosites.io\/web-agency\/?page_id=5"},"modified":"2025-04-18T13:59:50","modified_gmt":"2025-04-18T11:59:50","slug":"inicio","status":"publish","type":"page","link":"https:\/\/loylesa.es\/gl\/","title":{"rendered":"Inicio"},"content":{"rendered":"<div data-elementor-type=\"wp-page\" data-elementor-id=\"593\" class=\"elementor elementor-593\">\n\t\t\t\t\t\t<section class=\"elementor-section elementor-top-section elementor-element elementor-element-6e785a1 elementor-section-height-min-height elementor-section-full_width elementor-section-height-default elementor-section-items-middle\" data-id=\"6e785a1\" data-element_type=\"section\" data-settings=\"{&quot;background_background&quot;:&quot;slideshow&quot;,&quot;background_slideshow_gallery&quot;:[],&quot;background_slideshow_loop&quot;:&quot;yes&quot;,&quot;background_slideshow_slide_duration&quot;:5000,&quot;background_slideshow_slide_transition&quot;:&quot;fade&quot;,&quot;background_slideshow_transition_duration&quot;:500}\">\n\t\t\t\t\t\t\t<div class=\"elementor-background-overlay\"><\/div>\n\t\t\t\t\t\t\t<div class=\"elementor-container elementor-column-gap-default\">\n\t\t\t\t\t<div class=\"elementor-column elementor-col-100 elementor-top-column elementor-element elementor-element-93529e5\" data-id=\"93529e5\" data-element_type=\"column\">\n\t\t\t<div class=\"elementor-widget-wrap\">\n\t\t\t\t\t\t\t<\/div>\n\t\t<\/div>\n\t\t\t\t\t<\/div>\n\t\t<\/section>\n\t\t<div class=\"elementor-element elementor-element-3b43177 e-con-full e-flex e-con e-parent\" data-id=\"3b43177\" data-element_type=\"container\">\n\t\t\t\t<div class=\"elementor-element elementor-element-93d29ff elementor-widget elementor-widget-heading\" data-id=\"93d29ff\" data-element_type=\"widget\" data-widget_type=\"heading.default\">\n\t\t\t\t<div class=\"elementor-widget-container\">\n\t\t\t\t\t<h2 class=\"elementor-heading-title elementor-size-default\">Constru\u00edmos a t\u00faa visi\u00f3n, cimentamos o teu futuro<\/h2>\t\t\t\t<\/div>\n\t\t\t\t<\/div>\n\t\t\t\t<\/div>\n\t\t<div class=\"elementor-element elementor-element-e717d21 e-con-full e-flex e-con e-parent\" data-id=\"e717d21\" data-element_type=\"container\">\n\t\t\t\t<div class=\"elementor-element elementor-element-544d8ea elementor-widget elementor-widget-heading\" data-id=\"544d8ea\" data-element_type=\"widget\" data-widget_type=\"heading.default\">\n\t\t\t\t<div class=\"elementor-widget-container\">\n\t\t\t\t\t<h2 class=\"elementor-heading-title elementor-size-default\">Actividades<\/h2>\t\t\t\t<\/div>\n\t\t\t\t<\/div>\n\t\t\t\t<\/div>\n\t\t\t\t<section class=\"elementor-section elementor-top-section elementor-element elementor-element-fc35bd9 elementor-section-full_width elementor-section-height-default elementor-section-height-default\" data-id=\"fc35bd9\" data-element_type=\"section\">\n\t\t\t\t\t\t<div class=\"elementor-container elementor-column-gap-default\">\n\t\t\t\t\t<div class=\"elementor-column elementor-col-33 elementor-top-column elementor-element elementor-element-34d5b3a\" data-id=\"34d5b3a\" data-element_type=\"column\">\n\t\t\t<div class=\"elementor-widget-wrap elementor-element-populated\">\n\t\t\t\t\t\t<div class=\"elementor-element elementor-element-423018f elementor-position-top elementor-widget elementor-widget-image-box\" data-id=\"423018f\" data-element_type=\"widget\" data-widget_type=\"image-box.default\">\n\t\t\t\t<div class=\"elementor-widget-container\">\n\t\t\t\t\t<div class=\"elementor-image-box-wrapper\"><figure class=\"elementor-image-box-img\"><img fetchpriority=\"high\" decoding=\"async\" width=\"1004\" height=\"638\" src=\"https:\/\/loylesa.es\/wp-content\/uploads\/2025\/04\/amianto-1.png\" class=\"attachment-full size-full wp-image-1614\" alt=\"\" srcset=\"https:\/\/loylesa.es\/wp-content\/uploads\/2025\/04\/amianto-1.png 1004w, https:\/\/loylesa.es\/wp-content\/uploads\/2025\/04\/amianto-1-300x191.png 300w, https:\/\/loylesa.es\/wp-content\/uploads\/2025\/04\/amianto-1-768x488.png 768w, https:\/\/loylesa.es\/wp-content\/uploads\/2025\/04\/amianto-1-18x12.png 18w\" sizes=\"(max-width: 1004px) 100vw, 1004px\" \/><\/figure><div class=\"elementor-image-box-content\"><h3 class=\"elementor-image-box-title\">Retirada de amianto<\/h3><\/div><\/div>\t\t\t\t<\/div>\n\t\t\t\t<\/div>\n\t\t\t\t\t<\/div>\n\t\t<\/div>\n\t\t\t\t<div class=\"elementor-column elementor-col-33 elementor-top-column elementor-element elementor-element-38c1700\" data-id=\"38c1700\" data-element_type=\"column\">\n\t\t\t<div class=\"elementor-widget-wrap elementor-element-populated\">\n\t\t\t\t\t\t<div class=\"elementor-element elementor-element-0888735 elementor-position-top elementor-widget elementor-widget-image-box\" data-id=\"0888735\" data-element_type=\"widget\" data-widget_type=\"image-box.default\">\n\t\t\t\t<div class=\"elementor-widget-container\">\n\t\t\t\t\t<div class=\"elementor-image-box-wrapper\"><figure class=\"elementor-image-box-img\"><img decoding=\"async\" width=\"1004\" height=\"638\" src=\"https:\/\/loylesa.es\/wp-content\/uploads\/2025\/04\/excavaciones-1.png\" class=\"attachment-full size-full wp-image-1613\" alt=\"\" srcset=\"https:\/\/loylesa.es\/wp-content\/uploads\/2025\/04\/excavaciones-1.png 1004w, https:\/\/loylesa.es\/wp-content\/uploads\/2025\/04\/excavaciones-1-300x191.png 300w, https:\/\/loylesa.es\/wp-content\/uploads\/2025\/04\/excavaciones-1-768x488.png 768w, https:\/\/loylesa.es\/wp-content\/uploads\/2025\/04\/excavaciones-1-18x12.png 18w\" sizes=\"(max-width: 1004px) 100vw, 1004px\" \/><\/figure><div class=\"elementor-image-box-content\"><h3 class=\"elementor-image-box-title\">Escavaci\u00f3ns e Explanaci\u00f3ns<\/h3><\/div><\/div>\t\t\t\t<\/div>\n\t\t\t\t<\/div>\n\t\t\t\t\t<\/div>\n\t\t<\/div>\n\t\t\t\t<div class=\"elementor-column elementor-col-33 elementor-top-column elementor-element elementor-element-915231d\" data-id=\"915231d\" data-element_type=\"column\">\n\t\t\t<div class=\"elementor-widget-wrap elementor-element-populated\">\n\t\t\t\t\t\t<div class=\"elementor-element elementor-element-18dc5b1 elementor-position-top elementor-widget elementor-widget-image-box\" data-id=\"18dc5b1\" data-element_type=\"widget\" data-widget_type=\"image-box.default\">\n\t\t\t\t<div class=\"elementor-widget-container\">\n\t\t\t\t\t<div class=\"elementor-image-box-wrapper\"><figure class=\"elementor-image-box-img\"><img decoding=\"async\" width=\"1004\" height=\"638\" src=\"https:\/\/loylesa.es\/wp-content\/uploads\/2025\/04\/urbanizaciones-1.png\" class=\"attachment-full size-full wp-image-1612\" alt=\"\" srcset=\"https:\/\/loylesa.es\/wp-content\/uploads\/2025\/04\/urbanizaciones-1.png 1004w, https:\/\/loylesa.es\/wp-content\/uploads\/2025\/04\/urbanizaciones-1-300x191.png 300w, https:\/\/loylesa.es\/wp-content\/uploads\/2025\/04\/urbanizaciones-1-768x488.png 768w, https:\/\/loylesa.es\/wp-content\/uploads\/2025\/04\/urbanizaciones-1-18x12.png 18w\" sizes=\"(max-width: 1004px) 100vw, 1004px\" \/><\/figure><div class=\"elementor-image-box-content\"><h3 class=\"elementor-image-box-title\">Urbanizaci\u00f3ns<\/h3><\/div><\/div>\t\t\t\t<\/div>\n\t\t\t\t<\/div>\n\t\t\t\t\t<\/div>\n\t\t<\/div>\n\t\t\t\t\t<\/div>\n\t\t<\/section>\n\t\t\t\t<section class=\"elementor-section elementor-top-section elementor-element elementor-element-8ea72ba elementor-section-full_width elementor-section-height-default elementor-section-height-default\" data-id=\"8ea72ba\" data-element_type=\"section\">\n\t\t\t\t\t\t<div class=\"elementor-container elementor-column-gap-default\">\n\t\t\t\t\t<div class=\"elementor-column elementor-col-33 elementor-top-column elementor-element elementor-element-72090e8\" data-id=\"72090e8\" data-element_type=\"column\">\n\t\t\t<div class=\"elementor-widget-wrap elementor-element-populated\">\n\t\t\t\t\t\t<div class=\"elementor-element elementor-element-dfc37e7 elementor-position-top elementor-widget elementor-widget-image-box\" data-id=\"dfc37e7\" data-element_type=\"widget\" data-widget_type=\"image-box.default\">\n\t\t\t\t<div class=\"elementor-widget-container\">\n\t\t\t\t\t<div class=\"elementor-image-box-wrapper\"><figure class=\"elementor-image-box-img\"><img loading=\"lazy\" decoding=\"async\" width=\"1004\" height=\"638\" src=\"https:\/\/loylesa.es\/wp-content\/uploads\/2025\/04\/acometida-1.png\" class=\"attachment-full size-full wp-image-1609\" alt=\"\" srcset=\"https:\/\/loylesa.es\/wp-content\/uploads\/2025\/04\/acometida-1.png 1004w, https:\/\/loylesa.es\/wp-content\/uploads\/2025\/04\/acometida-1-300x191.png 300w, https:\/\/loylesa.es\/wp-content\/uploads\/2025\/04\/acometida-1-768x488.png 768w, https:\/\/loylesa.es\/wp-content\/uploads\/2025\/04\/acometida-1-18x12.png 18w\" sizes=\"(max-width: 1004px) 100vw, 1004px\" \/><\/figure><div class=\"elementor-image-box-content\"><h3 class=\"elementor-image-box-title\">Acometidas domiciliarias<\/h3><\/div><\/div>\t\t\t\t<\/div>\n\t\t\t\t<\/div>\n\t\t\t\t\t<\/div>\n\t\t<\/div>\n\t\t\t\t<div class=\"elementor-column elementor-col-33 elementor-top-column elementor-element elementor-element-11501e1\" data-id=\"11501e1\" data-element_type=\"column\">\n\t\t\t<div class=\"elementor-widget-wrap elementor-element-populated\">\n\t\t\t\t\t\t<div class=\"elementor-element elementor-element-17ccea1 elementor-position-top elementor-widget elementor-widget-image-box\" data-id=\"17ccea1\" data-element_type=\"widget\" data-widget_type=\"image-box.default\">\n\t\t\t\t<div class=\"elementor-widget-container\">\n\t\t\t\t\t<div class=\"elementor-image-box-wrapper\"><figure class=\"elementor-image-box-img\"><img loading=\"lazy\" decoding=\"async\" width=\"1004\" height=\"638\" src=\"https:\/\/loylesa.es\/wp-content\/uploads\/2025\/04\/jardines-1.png\" class=\"attachment-full size-full wp-image-1611\" alt=\"\" srcset=\"https:\/\/loylesa.es\/wp-content\/uploads\/2025\/04\/jardines-1.png 1004w, https:\/\/loylesa.es\/wp-content\/uploads\/2025\/04\/jardines-1-300x191.png 300w, https:\/\/loylesa.es\/wp-content\/uploads\/2025\/04\/jardines-1-768x488.png 768w, https:\/\/loylesa.es\/wp-content\/uploads\/2025\/04\/jardines-1-18x12.png 18w\" sizes=\"(max-width: 1004px) 100vw, 1004px\" \/><\/figure><div class=\"elementor-image-box-content\"><h3 class=\"elementor-image-box-title\">Xard\u00edns<\/h3><\/div><\/div>\t\t\t\t<\/div>\n\t\t\t\t<\/div>\n\t\t\t\t\t<\/div>\n\t\t<\/div>\n\t\t\t\t<div class=\"elementor-column elementor-col-33 elementor-top-column elementor-element elementor-element-e3b339e\" data-id=\"e3b339e\" data-element_type=\"column\">\n\t\t\t<div class=\"elementor-widget-wrap elementor-element-populated\">\n\t\t\t\t\t\t<div class=\"elementor-element elementor-element-8bfc44a elementor-position-top elementor-widget elementor-widget-image-box\" data-id=\"8bfc44a\" data-element_type=\"widget\" data-widget_type=\"image-box.default\">\n\t\t\t\t<div class=\"elementor-widget-container\">\n\t\t\t\t\t<div class=\"elementor-image-box-wrapper\"><figure class=\"elementor-image-box-img\"><img loading=\"lazy\" decoding=\"async\" width=\"1004\" height=\"638\" src=\"https:\/\/loylesa.es\/wp-content\/uploads\/2025\/04\/pavimentos-1.png\" class=\"attachment-full size-full wp-image-1610\" alt=\"\" srcset=\"https:\/\/loylesa.es\/wp-content\/uploads\/2025\/04\/pavimentos-1.png 1004w, https:\/\/loylesa.es\/wp-content\/uploads\/2025\/04\/pavimentos-1-300x191.png 300w, https:\/\/loylesa.es\/wp-content\/uploads\/2025\/04\/pavimentos-1-768x488.png 768w, https:\/\/loylesa.es\/wp-content\/uploads\/2025\/04\/pavimentos-1-18x12.png 18w\" sizes=\"(max-width: 1004px) 100vw, 1004px\" \/><\/figure><div class=\"elementor-image-box-content\"><h3 class=\"elementor-image-box-title\">Pavimentos<\/h3><\/div><\/div>\t\t\t\t<\/div>\n\t\t\t\t<\/div>\n\t\t\t\t\t<\/div>\n\t\t<\/div>\n\t\t\t\t\t<\/div>\n\t\t<\/section>\n\t\t\t\t<section class=\"elementor-section elementor-top-section elementor-element elementor-element-2024d7c elementor-section-full_width elementor-section-height-default elementor-section-height-default\" data-id=\"2024d7c\" data-element_type=\"section\" data-settings=\"{&quot;background_background&quot;:&quot;classic&quot;}\">\n\t\t\t\t\t\t<div class=\"elementor-container elementor-column-gap-default\">\n\t\t\t\t\t<div class=\"elementor-column elementor-col-100 elementor-top-column elementor-element elementor-element-6894387\" data-id=\"6894387\" data-element_type=\"column\">\n\t\t\t<div class=\"elementor-widget-wrap elementor-element-populated\">\n\t\t\t\t\t\t<section class=\"elementor-section elementor-inner-section elementor-element elementor-element-d1b1033 elementor-section-content-middle elementor-section-boxed elementor-section-height-default elementor-section-height-default\" data-id=\"d1b1033\" data-element_type=\"section\">\n\t\t\t\t\t\t<div class=\"elementor-container elementor-column-gap-default\">\n\t\t\t\t\t<div class=\"elementor-column elementor-col-50 elementor-inner-column elementor-element elementor-element-4abeb70\" data-id=\"4abeb70\" data-element_type=\"column\">\n\t\t\t<div class=\"elementor-widget-wrap elementor-element-populated\">\n\t\t\t\t\t\t<div class=\"elementor-element elementor-element-007b358 elementor-widget elementor-widget-image\" data-id=\"007b358\" data-element_type=\"widget\" data-widget_type=\"image.default\">\n\t\t\t\t<div class=\"elementor-widget-container\">\n\t\t\t\t\t\t\t\t\t\t\t\t\t\t\t<img loading=\"lazy\" decoding=\"async\" width=\"160\" height=\"128\" src=\"https:\/\/loylesa.es\/wp-content\/uploads\/2025\/04\/logo.png\" class=\"attachment-large size-large wp-image-1624\" alt=\"\" srcset=\"https:\/\/loylesa.es\/wp-content\/uploads\/2025\/04\/logo.png 160w, https:\/\/loylesa.es\/wp-content\/uploads\/2025\/04\/logo-15x12.png 15w\" sizes=\"(max-width: 160px) 100vw, 160px\" \/>\t\t\t\t\t\t\t\t\t\t\t\t\t\t\t<\/div>\n\t\t\t\t<\/div>\n\t\t\t\t<div class=\"elementor-element elementor-element-2ff6960 elementor-widget elementor-widget-image\" data-id=\"2ff6960\" data-element_type=\"widget\" data-widget_type=\"image.default\">\n\t\t\t\t<div class=\"elementor-widget-container\">\n\t\t\t\t\t\t\t\t\t\t\t\t\t\t\t<img decoding=\"async\" src=\"https:\/\/loylesa.es\/wp-content\/uploads\/2023\/11\/tratamientos-belleza-sonia.ouro_.jpg\" title=\"\" alt=\"\" loading=\"lazy\" \/>\t\t\t\t\t\t\t\t\t\t\t\t\t\t\t<\/div>\n\t\t\t\t<\/div>\n\t\t\t\t\t<\/div>\n\t\t<\/div>\n\t\t\t\t<div class=\"elementor-column elementor-col-50 elementor-inner-column elementor-element elementor-element-6a2e88e\" data-id=\"6a2e88e\" data-element_type=\"column\" data-settings=\"{&quot;background_background&quot;:&quot;classic&quot;}\">\n\t\t\t<div class=\"elementor-widget-wrap elementor-element-populated\">\n\t\t\t\t\t\t<div class=\"elementor-element elementor-element-deadddd elementor-widget elementor-widget-heading\" data-id=\"deadddd\" data-element_type=\"widget\" data-widget_type=\"heading.default\">\n\t\t\t\t<div class=\"elementor-widget-container\">\n\t\t\t\t\t<h2 class=\"elementor-heading-title elementor-size-default\">Sobre Loylesa<\/h2>\t\t\t\t<\/div>\n\t\t\t\t<\/div>\n\t\t\t\t<div class=\"elementor-element elementor-element-24251d6 elementor-widget__width-initial elementor-widget elementor-widget-text-editor\" data-id=\"24251d6\" data-element_type=\"widget\" data-widget_type=\"text-editor.default\">\n\t\t\t\t<div class=\"elementor-widget-container\">\n\t\t\t\t\t\t\t\t\t<p>Fundada en 1989, est\u00e1 especializada en todo tipo de obras p\u00fablicas, inclu\u00edndo proxectos de urbanizaci\u00f3n e todo tipo de canalizaci\u00f3ns para novas urbanizaci\u00f3ns. Posteriormente, ampliou o seu \u00e1mbito empresarial para inclu\u00edr o traballo en comunidades e concellos. Coa ampliaci\u00f3n da obra fanse necesarios permisos e autorizaci\u00f3ns, como a alta no RERA (no 15\/0092) ou a formaci\u00f3n como instalador de baixa tensi\u00f3n. Debido ao noso compromiso coa calidade e o medio ambiente, implant\u00e1ronse as normas ISO 9001 e ISO 14001. En 2019 asinouse o plan de igualdade, promovendo a igualdade de trato e oportunidades.<\/p>\t\t\t\t\t\t\t\t<\/div>\n\t\t\t\t<\/div>\n\t\t\t\t\t<\/div>\n\t\t<\/div>\n\t\t\t\t\t<\/div>\n\t\t<\/section>\n\t\t\t\t\t<\/div>\n\t\t<\/div>\n\t\t\t\t\t<\/div>\n\t\t<\/section>\n\t\t\t\t<\/div>","protected":false},"excerpt":{"rendered":"<p>Construimos tu visi\u00f3n, cimentamos tu futuro Actividades Retiradas de amianto Excavaciones y Explanaciones Urbanizaciones Acometidas domiciliarias Jardines Pavimentos Sobre Loylesa Fundada en 1989 se especializa en todo tipo de obra p\u00fablica, ejecuci\u00f3n de urbanizaciones y canalizaciones de todo tipo para nuevas promociones. Posteriormente amplia su \u00e1mbito de negocio a labores en comunidades y ayuntamientos. Con&hellip;&nbsp;<a href=\"https:\/\/loylesa.es\/gl\/\" rel=\"bookmark\">Read More &raquo;<span class=\"screen-reader-text\">Inicio<\/span><\/a><\/p>","protected":false},"author":1,"featured_media":0,"parent":0,"menu_order":0,"comment_status":"closed","ping_status":"closed","template":"","meta":{"neve_meta_sidebar":"default","neve_meta_container":"full-width","neve_meta_enable_content_width":"on","neve_meta_content_width":100,"neve_meta_title_alignment":"left","neve_meta_author_avatar":"","neve_post_elements_order":"","neve_meta_disable_header":"","neve_meta_disable_footer":"","neve_meta_disable_title":"on","neve_meta_reading_time":"","_ti_tpc_template_sync":false,"_ti_tpc_template_id":"6rwc3b6ltwrjqlusx79v","footnotes":""},"class_list":["post-593","page","type-page","status-publish","hentry"],"yoast_head":"<!-- This site is optimized with the Yoast SEO plugin v24.9 - https:\/\/yoast.com\/wordpress\/plugins\/seo\/ -->\n<title>Inicio - LOYLESA<\/title>\n<meta name=\"robots\" content=\"index, follow, max-snippet:-1, max-image-preview:large, max-video-preview:-1\" \/>\n<link rel=\"canonical\" href=\"https:\/\/loylesa.es\/gl\/\" \/>\n<meta property=\"og:locale\" content=\"gl_ES\" \/>\n<meta property=\"og:type\" content=\"article\" \/>\n<meta property=\"og:title\" content=\"Inicio - LOYLESA\" \/>\n<meta property=\"og:description\" content=\"Construimos tu visi\u00f3n, cimentamos tu futuro Actividades Retiradas de amianto Excavaciones y Explanaciones Urbanizaciones Acometidas domiciliarias Jardines Pavimentos Sobre Loylesa Fundada en 1989 se especializa en todo tipo de obra p\u00fablica, ejecuci\u00f3n de urbanizaciones y canalizaciones de todo tipo para nuevas promociones. Posteriormente amplia su \u00e1mbito de negocio a labores en comunidades y ayuntamientos. Con&hellip;&nbsp;Read More &raquo;Inicio\" \/>\n<meta property=\"og:url\" content=\"https:\/\/loylesa.es\/gl\/\" \/>\n<meta property=\"og:site_name\" content=\"LOYLESA\" \/>\n<meta property=\"article:modified_time\" content=\"2025-04-18T11:59:50+00:00\" \/>\n<meta property=\"og:image\" content=\"https:\/\/loylesa.es\/wp-content\/uploads\/2025\/04\/amianto-1.png\" \/>\n\t<meta property=\"og:image:width\" content=\"1004\" \/>\n\t<meta property=\"og:image:height\" content=\"638\" \/>\n\t<meta property=\"og:image:type\" content=\"image\/png\" \/>\n<meta name=\"twitter:card\" content=\"summary_large_image\" \/>\n<meta name=\"twitter:label1\" content=\"Tempo de lectura\" \/>\n\t<meta name=\"twitter:data1\" content=\"1 minuto\" \/>\n<script type=\"application\/ld+json\" class=\"yoast-schema-graph\">{\"@context\":\"https:\/\/schema.org\",\"@graph\":[{\"@type\":\"WebPage\",\"@id\":\"https:\/\/loylesa.es\/\",\"url\":\"https:\/\/loylesa.es\/\",\"name\":\"Inicio - LOYLESA\",\"isPartOf\":{\"@id\":\"https:\/\/loylesa.es\/#website\"},\"primaryImageOfPage\":{\"@id\":\"https:\/\/loylesa.es\/#primaryimage\"},\"image\":{\"@id\":\"https:\/\/loylesa.es\/#primaryimage\"},\"thumbnailUrl\":\"https:\/\/loylesa.es\/wp-content\/uploads\/2025\/04\/amianto-1.png\",\"datePublished\":\"2020-01-13T11:08:58+00:00\",\"dateModified\":\"2025-04-18T11:59:50+00:00\",\"breadcrumb\":{\"@id\":\"https:\/\/loylesa.es\/#breadcrumb\"},\"inLanguage\":\"gl-ES\",\"potentialAction\":[{\"@type\":\"ReadAction\",\"target\":[\"https:\/\/loylesa.es\/\"]}]},{\"@type\":\"ImageObject\",\"inLanguage\":\"gl-ES\",\"@id\":\"https:\/\/loylesa.es\/#primaryimage\",\"url\":\"https:\/\/loylesa.es\/wp-content\/uploads\/2025\/04\/amianto-1.png\",\"contentUrl\":\"https:\/\/loylesa.es\/wp-content\/uploads\/2025\/04\/amianto-1.png\"},{\"@type\":\"BreadcrumbList\",\"@id\":\"https:\/\/loylesa.es\/#breadcrumb\",\"itemListElement\":[{\"@type\":\"ListItem\",\"position\":1,\"name\":\"Home\",\"item\":\"https:\/\/loylesa.es\/\"},{\"@type\":\"ListItem\",\"position\":2,\"name\":\"Inicio\"}]},{\"@type\":\"WebSite\",\"@id\":\"https:\/\/loylesa.es\/#website\",\"url\":\"https:\/\/loylesa.es\/\",\"name\":\"LOYLESA\",\"description\":\"Loylesa\",\"publisher\":{\"@id\":\"https:\/\/loylesa.es\/#organization\"},\"potentialAction\":[{\"@type\":\"SearchAction\",\"target\":{\"@type\":\"EntryPoint\",\"urlTemplate\":\"https:\/\/loylesa.es\/?s={search_term_string}\"},\"query-input\":{\"@type\":\"PropertyValueSpecification\",\"valueRequired\":true,\"valueName\":\"search_term_string\"}}],\"inLanguage\":\"gl-ES\"},{\"@type\":\"Organization\",\"@id\":\"https:\/\/loylesa.es\/#organization\",\"name\":\"LOYLESA\",\"url\":\"https:\/\/loylesa.es\/\",\"logo\":{\"@type\":\"ImageObject\",\"inLanguage\":\"gl-ES\",\"@id\":\"https:\/\/loylesa.es\/#\/schema\/logo\/image\/\",\"url\":\"https:\/\/loylesa.es\/wp-content\/uploads\/2025\/04\/cropped-logo.png\",\"contentUrl\":\"https:\/\/loylesa.es\/wp-content\/uploads\/2025\/04\/cropped-logo.png\",\"width\":200,\"height\":86,\"caption\":\"LOYLESA\"},\"image\":{\"@id\":\"https:\/\/loylesa.es\/#\/schema\/logo\/image\/\"}}]}<\/script>\n<!-- \/ Yoast SEO plugin. -->","yoast_head_json":{"title":"Inicio - LOYLESA","robots":{"index":"index","follow":"follow","max-snippet":"max-snippet:-1","max-image-preview":"max-image-preview:large","max-video-preview":"max-video-preview:-1"},"canonical":"https:\/\/loylesa.es\/gl\/","og_locale":"gl_ES","og_type":"article","og_title":"Inicio - LOYLESA","og_description":"Construimos tu visi\u00f3n, cimentamos tu futuro Actividades Retiradas de amianto Excavaciones y Explanaciones Urbanizaciones Acometidas domiciliarias Jardines Pavimentos Sobre Loylesa Fundada en 1989 se especializa en todo tipo de obra p\u00fablica, ejecuci\u00f3n de urbanizaciones y canalizaciones de todo tipo para nuevas promociones. Posteriormente amplia su \u00e1mbito de negocio a labores en comunidades y ayuntamientos. Con&hellip;&nbsp;Read More &raquo;Inicio","og_url":"https:\/\/loylesa.es\/gl\/","og_site_name":"LOYLESA","article_modified_time":"2025-04-18T11:59:50+00:00","og_image":[{"width":1004,"height":638,"url":"https:\/\/loylesa.es\/wp-content\/uploads\/2025\/04\/amianto-1.png","type":"image\/png"}],"twitter_card":"summary_large_image","twitter_misc":{"Tempo de lectura":"1 minuto"},"schema":{"@context":"https:\/\/schema.org","@graph":[{"@type":"WebPage","@id":"https:\/\/loylesa.es\/","url":"https:\/\/loylesa.es\/","name":"Inicio - LOYLESA","isPartOf":{"@id":"https:\/\/loylesa.es\/#website"},"primaryImageOfPage":{"@id":"https:\/\/loylesa.es\/#primaryimage"},"image":{"@id":"https:\/\/loylesa.es\/#primaryimage"},"thumbnailUrl":"https:\/\/loylesa.es\/wp-content\/uploads\/2025\/04\/amianto-1.png","datePublished":"2020-01-13T11:08:58+00:00","dateModified":"2025-04-18T11:59:50+00:00","breadcrumb":{"@id":"https:\/\/loylesa.es\/#breadcrumb"},"inLanguage":"gl-ES","potentialAction":[{"@type":"ReadAction","target":["https:\/\/loylesa.es\/"]}]},{"@type":"ImageObject","inLanguage":"gl-ES","@id":"https:\/\/loylesa.es\/#primaryimage","url":"https:\/\/loylesa.es\/wp-content\/uploads\/2025\/04\/amianto-1.png","contentUrl":"https:\/\/loylesa.es\/wp-content\/uploads\/2025\/04\/amianto-1.png"},{"@type":"BreadcrumbList","@id":"https:\/\/loylesa.es\/#breadcrumb","itemListElement":[{"@type":"ListItem","position":1,"name":"Home","item":"https:\/\/loylesa.es\/"},{"@type":"ListItem","position":2,"name":"Inicio"}]},{"@type":"WebSite","@id":"https:\/\/loylesa.es\/#website","url":"https:\/\/loylesa.es\/","name":"LOYLESA","description":"Loylesa","publisher":{"@id":"https:\/\/loylesa.es\/#organization"},"potentialAction":[{"@type":"SearchAction","target":{"@type":"EntryPoint","urlTemplate":"https:\/\/loylesa.es\/?s={search_term_string}"},"query-input":{"@type":"PropertyValueSpecification","valueRequired":true,"valueName":"search_term_string"}}],"inLanguage":"gl-ES"},{"@type":"Organization","@id":"https:\/\/loylesa.es\/#organization","name":"LOYLESA","url":"https:\/\/loylesa.es\/","logo":{"@type":"ImageObject","inLanguage":"gl-ES","@id":"https:\/\/loylesa.es\/#\/schema\/logo\/image\/","url":"https:\/\/loylesa.es\/wp-content\/uploads\/2025\/04\/cropped-logo.png","contentUrl":"https:\/\/loylesa.es\/wp-content\/uploads\/2025\/04\/cropped-logo.png","width":200,"height":86,"caption":"LOYLESA"},"image":{"@id":"https:\/\/loylesa.es\/#\/schema\/logo\/image\/"}}]}},"_links":{"self":[{"href":"https:\/\/loylesa.es\/gl\/wp-json\/wp\/v2\/pages\/593","targetHints":{"allow":["GET"]}}],"collection":[{"href":"https:\/\/loylesa.es\/gl\/wp-json\/wp\/v2\/pages"}],"about":[{"href":"https:\/\/loylesa.es\/gl\/wp-json\/wp\/v2\/types\/page"}],"author":[{"embeddable":true,"href":"https:\/\/loylesa.es\/gl\/wp-json\/wp\/v2\/users\/1"}],"replies":[{"embeddable":true,"href":"https:\/\/loylesa.es\/gl\/wp-json\/wp\/v2\/comments?post=593"}],"version-history":[{"count":134,"href":"https:\/\/loylesa.es\/gl\/wp-json\/wp\/v2\/pages\/593\/revisions"}],"predecessor-version":[{"id":1644,"href":"https:\/\/loylesa.es\/gl\/wp-json\/wp\/v2\/pages\/593\/revisions\/1644"}],"wp:attachment":[{"href":"https:\/\/loylesa.es\/gl\/wp-json\/wp\/v2\/media?parent=593"}],"curies":[{"name":"wp","href":"https:\/\/api.w.org\/{rel}","templated":true}]}}